{"id":725,"date":"2026-02-12T17:13:55","date_gmt":"2026-02-12T16:13:55","guid":{"rendered":"https:\/\/moonattica.fr\/?page_id=725"},"modified":"2026-03-04T13:13:05","modified_gmt":"2026-03-04T12:13:05","slug":"shows","status":"publish","type":"page","link":"https:\/\/moonattica.fr\/?page_id=725","title":{"rendered":"Shows"},"content":{"rendered":"\n<p class=\"has-secondary-color has-text-color has-link-color wp-elements-17b718ca1e025dd8d068c843132db0d0\" style=\"padding-right:0;padding-left:0;font-size:clamp(14px, 0.875rem + ((1vw - 3.2px) * 0.354), 18px);line-height:1.5\">Antifiasco &#8211; Le Zygobar<\/p>\n\n\n\n<figure class=\"wp-block-gallery has-nested-images columns-2 wp-block-gallery-1 is-layout-flex wp-block-gallery-is-layout-flex\">\n<figure class=\"wp-block-image size-large\"><a href=\"https:\/\/moonattica.fr\/wp-content\/uploads\/2026\/02\/P4120043-scaled.jpg\"><img loading=\"lazy\" decoding=\"async\" width=\"2048\" height=\"1536\" data-id=\"727\" src=\"https:\/\/moonattica.fr\/wp-content\/uploads\/2026\/02\/P4120043-2048x1536.jpg\" alt=\"\" class=\"wp-image-727\" srcset=\"https:\/\/moonattica.fr\/wp-content\/uploads\/2026\/02\/P4120043-2048x1536.jpg 2048w, https:\/\/moonattica.fr\/wp-content\/uploads\/2026\/02\/P4120043-600x450.jpg 600w, https:\/\/moonattica.fr\/wp-content\/uploads\/2026\/02\/P4120043-150x113.jpg 150w, https:\/\/moonattica.fr\/wp-content\/uploads\/2026\/02\/P4120043-2000x1500.jpg 2000w\" sizes=\"auto, (max-width: 2048px) 100vw, 2048px\" \/><\/a><\/figure>\n\n\n\n<figure class=\"wp-block-image size-large\"><a href=\"https:\/\/moonattica.fr\/wp-content\/uploads\/2026\/02\/P4120123-scaled.jpg\"><img loading=\"lazy\" decoding=\"async\" width=\"2048\" height=\"1536\" data-id=\"730\" src=\"https:\/\/moonattica.fr\/wp-content\/uploads\/2026\/02\/P4120123-2048x1536.jpg\" alt=\"\" class=\"wp-image-730\" srcset=\"https:\/\/moonattica.fr\/wp-content\/uploads\/2026\/02\/P4120123-2048x1536.jpg 2048w, https:\/\/moonattica.fr\/wp-content\/uploads\/2026\/02\/P4120123-600x450.jpg 600w, https:\/\/moonattica.fr\/wp-content\/uploads\/2026\/02\/P4120123-150x113.jpg 150w, https:\/\/moonattica.fr\/wp-content\/uploads\/2026\/02\/P4120123-2000x1500.jpg 2000w\" sizes=\"auto, (max-width: 2048px) 100vw, 2048px\" \/><\/a><\/figure>\n\n\n\n<figure class=\"wp-block-image size-large\"><a href=\"https:\/\/moonattica.fr\/wp-content\/uploads\/2026\/02\/P4120109-scaled.jpg\"><img loading=\"lazy\" decoding=\"async\" width=\"2048\" height=\"1536\" data-id=\"729\" src=\"https:\/\/moonattica.fr\/wp-content\/uploads\/2026\/02\/P4120109-2048x1536.jpg\" alt=\"\" class=\"wp-image-729\" srcset=\"https:\/\/moonattica.fr\/wp-content\/uploads\/2026\/02\/P4120109-2048x1536.jpg 2048w, https:\/\/moonattica.fr\/wp-content\/uploads\/2026\/02\/P4120109-600x450.jpg 600w, https:\/\/moonattica.fr\/wp-content\/uploads\/2026\/02\/P4120109-150x113.jpg 150w, https:\/\/moonattica.fr\/wp-content\/uploads\/2026\/02\/P4120109-2000x1500.jpg 2000w\" sizes=\"auto, (max-width: 2048px) 100vw, 2048px\" \/><\/a><\/figure>\n\n\n\n<figure class=\"wp-block-image size-large\"><a href=\"https:\/\/moonattica.fr\/wp-content\/uploads\/2026\/02\/P4120104-scaled.jpg\"><img loading=\"lazy\" decoding=\"async\" width=\"2048\" height=\"1536\" data-id=\"728\" src=\"https:\/\/moonattica.fr\/wp-content\/uploads\/2026\/02\/P4120104-2048x1536.jpg\" alt=\"\" class=\"wp-image-728\" srcset=\"https:\/\/moonattica.fr\/wp-content\/uploads\/2026\/02\/P4120104-2048x1536.jpg 2048w, https:\/\/moonattica.fr\/wp-content\/uploads\/2026\/02\/P4120104-600x450.jpg 600w, https:\/\/moonattica.fr\/wp-content\/uploads\/2026\/02\/P4120104-150x113.jpg 150w, https:\/\/moonattica.fr\/wp-content\/uploads\/2026\/02\/P4120104-2000x1500.jpg 2000w\" sizes=\"auto, (max-width: 2048px) 100vw, 2048px\" \/><\/a><\/figure>\n<\/figure>\n\n\n\n<div style=\"height:60px\" aria-hidden=\"true\" class=\"wp-block-spacer\"><\/div>\n\n\n\n<p class=\"has-secondary-color has-text-color has-link-color wp-elements-9774871e540aaa6c56f62bae587929f7\" style=\"padding-right:0;padding-left:0;font-size:clamp(14px, 0.875rem + ((1vw - 3.2px) * 0.354), 18px);line-height:1.5\">Theresa K\u00f6nig &#8211; Le Bal des animaux p\u00e9riph\u00e9riques &#8211; L&rsquo;Ubik<\/p>\n\n\n\n<figure class=\"wp-block-gallery has-nested-images columns-2 wp-block-gallery-2 is-layout-flex wp-block-gallery-is-layout-flex\">\n<figure class=\"wp-block-image size-large\"><a href=\"https:\/\/moonattica.fr\/?attachment_id=732\"><img loading=\"lazy\" decoding=\"async\" width=\"2048\" height=\"1536\" data-id=\"732\" src=\"https:\/\/moonattica.fr\/wp-content\/uploads\/2026\/02\/PA050967BW-2048x1536.jpg\" alt=\"\" class=\"wp-image-732\" srcset=\"https:\/\/moonattica.fr\/wp-content\/uploads\/2026\/02\/PA050967BW-2048x1536.jpg 2048w, https:\/\/moonattica.fr\/wp-content\/uploads\/2026\/02\/PA050967BW-600x450.jpg 600w, https:\/\/moonattica.fr\/wp-content\/uploads\/2026\/02\/PA050967BW-150x113.jpg 150w, https:\/\/moonattica.fr\/wp-content\/uploads\/2026\/02\/PA050967BW-2000x1500.jpg 2000w\" sizes=\"auto, (max-width: 2048px) 100vw, 2048px\" \/><\/a><\/figure>\n\n\n\n<figure class=\"wp-block-image size-large\"><a href=\"https:\/\/moonattica.fr\/?attachment_id=731\"><img loading=\"lazy\" decoding=\"async\" width=\"2048\" height=\"1536\" data-id=\"731\" src=\"https:\/\/moonattica.fr\/wp-content\/uploads\/2026\/02\/PA050888-2048x1536.jpg\" alt=\"\" class=\"wp-image-731\" srcset=\"https:\/\/moonattica.fr\/wp-content\/uploads\/2026\/02\/PA050888-2048x1536.jpg 2048w, https:\/\/moonattica.fr\/wp-content\/uploads\/2026\/02\/PA050888-600x450.jpg 600w, https:\/\/moonattica.fr\/wp-content\/uploads\/2026\/02\/PA050888-150x113.jpg 150w, https:\/\/moonattica.fr\/wp-content\/uploads\/2026\/02\/PA050888-2000x1500.jpg 2000w\" sizes=\"auto, (max-width: 2048px) 100vw, 2048px\" \/><\/a><\/figure>\n<\/figure>\n\n\n\n<div style=\"height:60px\" aria-hidden=\"true\" class=\"wp-block-spacer\"><\/div>\n\n\n\n<p class=\"has-secondary-color has-text-color has-link-color wp-elements-1d68d5f1cfc179dbaa934a7a65bc2abd\" style=\"padding-right:0;padding-left:0;font-size:clamp(14px, 0.875rem + ((1vw - 3.2px) * 0.354), 18px);line-height:1.5\">Dream Baby &#8211; Aux P&rsquo;tits joueurs<\/p>\n\n\n\n<figure class=\"wp-block-gallery has-nested-images columns-default wp-block-gallery-3 is-layout-flex wp-block-gallery-is-layout-flex\">\n<figure class=\"wp-block-image size-large\"><a href=\"https:\/\/moonattica.fr\/wp-content\/uploads\/2026\/02\/PB062408-scaled.jpg\"><img loading=\"lazy\" decoding=\"async\" width=\"1536\" height=\"2048\" data-id=\"735\" src=\"https:\/\/moonattica.fr\/wp-content\/uploads\/2026\/02\/PB062408-1536x2048.jpg\" alt=\"\" class=\"wp-image-735\" srcset=\"https:\/\/moonattica.fr\/wp-content\/uploads\/2026\/02\/PB062408-1536x2048.jpg 1536w, https:\/\/moonattica.fr\/wp-content\/uploads\/2026\/02\/PB062408-450x600.jpg 450w, https:\/\/moonattica.fr\/wp-content\/uploads\/2026\/02\/PB062408-113x150.jpg 113w, https:\/\/moonattica.fr\/wp-content\/uploads\/2026\/02\/PB062408-2000x2667.jpg 2000w, https:\/\/moonattica.fr\/wp-content\/uploads\/2026\/02\/PB062408-scaled.jpg 1920w\" sizes=\"auto, (max-width: 1536px) 100vw, 1536px\" \/><\/a><\/figure>\n\n\n\n<figure class=\"wp-block-image size-large\"><a href=\"https:\/\/moonattica.fr\/wp-content\/uploads\/2026\/02\/PB062320-scaled.jpg\"><img loading=\"lazy\" decoding=\"async\" width=\"1536\" height=\"2048\" data-id=\"736\" src=\"https:\/\/moonattica.fr\/wp-content\/uploads\/2026\/02\/PB062320-1536x2048.jpg\" alt=\"\" class=\"wp-image-736\" srcset=\"https:\/\/moonattica.fr\/wp-content\/uploads\/2026\/02\/PB062320-1536x2048.jpg 1536w, https:\/\/moonattica.fr\/wp-content\/uploads\/2026\/02\/PB062320-450x600.jpg 450w, https:\/\/moonattica.fr\/wp-content\/uploads\/2026\/02\/PB062320-113x150.jpg 113w, https:\/\/moonattica.fr\/wp-content\/uploads\/2026\/02\/PB062320-2000x2667.jpg 2000w, https:\/\/moonattica.fr\/wp-content\/uploads\/2026\/02\/PB062320-scaled.jpg 1920w\" sizes=\"auto, (max-width: 1536px) 100vw, 1536px\" \/><\/a><\/figure>\n<\/figure>\n\n\n\n<div style=\"height:60px\" aria-hidden=\"true\" class=\"wp-block-spacer\"><\/div>\n\n\n\n<p class=\"has-secondary-color has-text-color has-link-color wp-elements-4cfa200948ecc2071dfbe4ef990bd1e6\" style=\"padding-right:0;padding-left:0;font-size:clamp(14px, 0.875rem + ((1vw - 3.2px) * 0.354), 18px);line-height:1.5\">Folle Grenouille &#8211; Cabaret Estuaire &#8211; La Villa Momo<\/p>\n\n\n\n<figure class=\"wp-block-gallery has-nested-images columns-default wp-block-gallery-4 is-layout-flex wp-block-gallery-is-layout-flex\">\n<figure class=\"wp-block-image size-large\"><a href=\"https:\/\/moonattica.fr\/wp-content\/uploads\/2026\/02\/PA071429-scaled.jpg\"><img loading=\"lazy\" decoding=\"async\" width=\"2048\" height=\"1536\" data-id=\"741\" src=\"https:\/\/moonattica.fr\/wp-content\/uploads\/2026\/02\/PA071429-2048x1536.jpg\" alt=\"\" class=\"wp-image-741\" srcset=\"https:\/\/moonattica.fr\/wp-content\/uploads\/2026\/02\/PA071429-2048x1536.jpg 2048w, https:\/\/moonattica.fr\/wp-content\/uploads\/2026\/02\/PA071429-600x450.jpg 600w, https:\/\/moonattica.fr\/wp-content\/uploads\/2026\/02\/PA071429-150x113.jpg 150w, https:\/\/moonattica.fr\/wp-content\/uploads\/2026\/02\/PA071429-2000x1500.jpg 2000w\" sizes=\"auto, (max-width: 2048px) 100vw, 2048px\" \/><\/a><\/figure>\n\n\n\n<figure class=\"wp-block-image size-large\"><a href=\"https:\/\/moonattica.fr\/wp-content\/uploads\/2026\/02\/PA071122-scaled.jpg\"><img loading=\"lazy\" decoding=\"async\" width=\"2048\" height=\"1536\" data-id=\"738\" src=\"https:\/\/moonattica.fr\/wp-content\/uploads\/2026\/02\/PA071122-2048x1536.jpg\" alt=\"\" class=\"wp-image-738\" srcset=\"https:\/\/moonattica.fr\/wp-content\/uploads\/2026\/02\/PA071122-2048x1536.jpg 2048w, https:\/\/moonattica.fr\/wp-content\/uploads\/2026\/02\/PA071122-600x450.jpg 600w, https:\/\/moonattica.fr\/wp-content\/uploads\/2026\/02\/PA071122-150x113.jpg 150w, https:\/\/moonattica.fr\/wp-content\/uploads\/2026\/02\/PA071122-2000x1500.jpg 2000w\" sizes=\"auto, (max-width: 2048px) 100vw, 2048px\" \/><\/a><\/figure>\n\n\n\n<figure class=\"wp-block-image size-large\"><a href=\"https:\/\/moonattica.fr\/wp-content\/uploads\/2026\/02\/PA071167-scaled.jpg\"><img loading=\"lazy\" decoding=\"async\" width=\"2048\" height=\"1536\" data-id=\"739\" src=\"https:\/\/moonattica.fr\/wp-content\/uploads\/2026\/02\/PA071167-2048x1536.jpg\" alt=\"\" class=\"wp-image-739\" srcset=\"https:\/\/moonattica.fr\/wp-content\/uploads\/2026\/02\/PA071167-2048x1536.jpg 2048w, https:\/\/moonattica.fr\/wp-content\/uploads\/2026\/02\/PA071167-600x450.jpg 600w, https:\/\/moonattica.fr\/wp-content\/uploads\/2026\/02\/PA071167-150x113.jpg 150w, https:\/\/moonattica.fr\/wp-content\/uploads\/2026\/02\/PA071167-2000x1500.jpg 2000w\" sizes=\"auto, (max-width: 2048px) 100vw, 2048px\" \/><\/a><\/figure>\n<\/figure>\n\n\n\n<div style=\"height:60px\" aria-hidden=\"true\" class=\"wp-block-spacer\"><\/div>\n\n\n\n<p class=\"has-secondary-color has-text-color has-link-color wp-elements-4039c4e92f61a23d424e08bd6864465e\" style=\"padding-right:0;padding-left:0;font-size:clamp(14px, 0.875rem + ((1vw - 3.2px) * 0.354), 18px);line-height:1.5\">Carnaval des mort-e-s #3 &#8211; La Cri\u00e9e<\/p>\n\n\n\n<figure class=\"wp-block-gallery has-nested-images columns-default wp-block-gallery-5 is-layout-flex wp-block-gallery-is-layout-flex\">\n<figure class=\"wp-block-image size-large\"><a href=\"https:\/\/moonattica.fr\/wp-content\/uploads\/2026\/02\/PB011861-scaled.jpg\"><img loading=\"lazy\" decoding=\"async\" width=\"2048\" height=\"1536\" data-id=\"743\" src=\"https:\/\/moonattica.fr\/wp-content\/uploads\/2026\/02\/PB011861-2048x1536.jpg\" alt=\"\" class=\"wp-image-743\" srcset=\"https:\/\/moonattica.fr\/wp-content\/uploads\/2026\/02\/PB011861-2048x1536.jpg 2048w, https:\/\/moonattica.fr\/wp-content\/uploads\/2026\/02\/PB011861-600x450.jpg 600w, https:\/\/moonattica.fr\/wp-content\/uploads\/2026\/02\/PB011861-150x113.jpg 150w, https:\/\/moonattica.fr\/wp-content\/uploads\/2026\/02\/PB011861-2000x1500.jpg 2000w\" sizes=\"auto, (max-width: 2048px) 100vw, 2048px\" \/><\/a><\/figure>\n\n\n\n<figure class=\"wp-block-image size-large\"><a href=\"https:\/\/moonattica.fr\/wp-content\/uploads\/2026\/02\/PB022004-scaled.jpg\"><img loading=\"lazy\" decoding=\"async\" width=\"1536\" height=\"2048\" data-id=\"742\" src=\"https:\/\/moonattica.fr\/wp-content\/uploads\/2026\/02\/PB022004-1536x2048.jpg\" alt=\"\" class=\"wp-image-742\" srcset=\"https:\/\/moonattica.fr\/wp-content\/uploads\/2026\/02\/PB022004-1536x2048.jpg 1536w, https:\/\/moonattica.fr\/wp-content\/uploads\/2026\/02\/PB022004-450x600.jpg 450w, https:\/\/moonattica.fr\/wp-content\/uploads\/2026\/02\/PB022004-113x150.jpg 113w, https:\/\/moonattica.fr\/wp-content\/uploads\/2026\/02\/PB022004-2000x2667.jpg 2000w, https:\/\/moonattica.fr\/wp-content\/uploads\/2026\/02\/PB022004-scaled.jpg 1920w\" sizes=\"auto, (max-width: 1536px) 100vw, 1536px\" \/><\/a><\/figure>\n<\/figure>\n","protected":false},"excerpt":{"rendered":"<p>Antifiasco &#8211; Le Zygobar Theresa K\u00f6nig &#8211; Le Bal des animaux p\u00e9riph\u00e9riques &#8211; L&rsquo;Ubik Dream Baby &#8211; Aux P&rsquo;tits joueurs Folle Grenouille &#8211; Cabaret Estuaire &#8211; La Villa Momo Carnaval des mort-e-s #3 &#8211; La Cri\u00e9e<\/p>\n","protected":false},"author":1,"featured_media":0,"parent":0,"menu_order":0,"comment_status":"closed","ping_status":"closed","template":"","meta":{"inspiro_hide_title":false,"footnotes":""},"class_list":["post-725","page","type-page","status-publish","hentry"],"featured_media_urls":[],"_links":{"self":[{"href":"https:\/\/moonattica.fr\/index.php?rest_route=\/wp\/v2\/pages\/725","targetHints":{"allow":["GET"]}}],"collection":[{"href":"https:\/\/moonattica.fr\/index.php?rest_route=\/wp\/v2\/pages"}],"about":[{"href":"https:\/\/moonattica.fr\/index.php?rest_route=\/wp\/v2\/types\/page"}],"author":[{"embeddable":true,"href":"https:\/\/moonattica.fr\/index.php?rest_route=\/wp\/v2\/users\/1"}],"replies":[{"embeddable":true,"href":"https:\/\/moonattica.fr\/index.php?rest_route=%2Fwp%2Fv2%2Fcomments&post=725"}],"version-history":[{"count":9,"href":"https:\/\/moonattica.fr\/index.php?rest_route=\/wp\/v2\/pages\/725\/revisions"}],"predecessor-version":[{"id":768,"href":"https:\/\/moonattica.fr\/index.php?rest_route=\/wp\/v2\/pages\/725\/revisions\/768"}],"wp:attachment":[{"href":"https:\/\/moonattica.fr\/index.php?rest_route=%2Fwp%2Fv2%2Fmedia&parent=725"}],"curies":[{"name":"wp","href":"https:\/\/api.w.org\/{rel}","templated":true}]}}