{"id":574,"date":"2026-01-27T16:47:40","date_gmt":"2026-01-27T15:47:40","guid":{"rendered":"https:\/\/moonattica.fr\/?page_id=574"},"modified":"2026-03-27T13:18:47","modified_gmt":"2026-03-27T12:18:47","slug":"performances","status":"publish","type":"page","link":"https:\/\/moonattica.fr\/?page_id=574","title":{"rendered":"Performances"},"content":{"rendered":"\n<p class=\"has-text-align-center has-secondary-color has-text-color has-link-color wp-elements-3f9d3b15219ddb54be026b7c9b1d65d9\" style=\"padding-right:0;padding-left:0;font-size:clamp(28.836px, 1.802rem + ((1vw - 3.2px) * 1.873), 50px);\"><strong>Danse<\/strong><\/p>\n\n\n\n<p class=\"has-text-align-center has-secondary-color has-text-color has-link-color wp-elements-04c434879730b8e8c7f772781e38abc3\" style=\"padding-top:0;padding-right:0;padding-bottom:0;padding-left:0;font-size:clamp(14px, 0.875rem + ((1vw - 3.2px) * 0.531), 20px);line-height:1.5;text-decoration:underline\">Days of glass<\/p>\n\n\n\n<p class=\"has-text-align-center has-secondary-color has-text-color has-link-color wp-elements-9de7f098f2bcef02396a650efb2095c0\" style=\"padding-right:0;padding-left:0;font-size:clamp(14px, 0.875rem + ((1vw - 3.2px) * 0.354), 18px);line-height:0.5\">R\u00e9sidence de cr\u00e9ation avec Tina Besnard<\/p>\n\n\n\n<figure class=\"wp-block-image aligncenter size-medium\" style=\"margin-top:var(--wp--preset--spacing--x-small);margin-bottom:var(--wp--preset--spacing--x-small)\"><img loading=\"lazy\" decoding=\"async\" width=\"600\" height=\"487\" src=\"https:\/\/moonattica.fr\/wp-content\/uploads\/2026\/02\/Sortie-residence-Tina-Besnard-600x487.jpg\" alt=\"\" class=\"wp-image-685\" srcset=\"https:\/\/moonattica.fr\/wp-content\/uploads\/2026\/02\/Sortie-residence-Tina-Besnard-600x487.jpg 600w, https:\/\/moonattica.fr\/wp-content\/uploads\/2026\/02\/Sortie-residence-Tina-Besnard-150x122.jpg 150w, https:\/\/moonattica.fr\/wp-content\/uploads\/2026\/02\/Sortie-residence-Tina-Besnard.jpg 1262w\" sizes=\"auto, (max-width: 600px) 100vw, 600px\" \/><\/figure>\n\n\n\n<p class=\"has-text-align-center has-secondary-color has-text-color has-link-color wp-elements-3e868f521b8794072db0c9725a9e923d\" style=\"padding-right:0;padding-left:0;font-size:clamp(14px, 0.875rem + ((1vw - 3.2px) * 0.531), 20px);line-height:1.5;text-decoration:underline\">Sortie de toboggan 1<\/p>\n\n\n\n<p class=\"has-text-align-center has-secondary-color has-text-color has-link-color wp-elements-d24e82f727731f7523111315d8320d3b\" style=\"padding-right:0;padding-left:0;font-size:clamp(14px, 0.875rem + ((1vw - 3.2px) * 0.354), 18px);line-height:1.5\">Avec Pascal Krupka, Lise N., Camille Rasera&#8230;<\/p>\n\n\n\n<figure class=\"wp-block-image aligncenter size-medium\"><img loading=\"lazy\" decoding=\"async\" width=\"600\" height=\"423\" src=\"https:\/\/moonattica.fr\/wp-content\/uploads\/2026\/01\/Sortie-de-Toboggan1-long-600x423.jpg\" alt=\"\" class=\"wp-image-524\" srcset=\"https:\/\/moonattica.fr\/wp-content\/uploads\/2026\/01\/Sortie-de-Toboggan1-long-600x423.jpg 600w, https:\/\/moonattica.fr\/wp-content\/uploads\/2026\/01\/Sortie-de-Toboggan1-long-2048x1444.jpg 2048w, https:\/\/moonattica.fr\/wp-content\/uploads\/2026\/01\/Sortie-de-Toboggan1-long-150x106.jpg 150w, https:\/\/moonattica.fr\/wp-content\/uploads\/2026\/01\/Sortie-de-Toboggan1-long-2000x1410.jpg 2000w\" sizes=\"auto, (max-width: 600px) 100vw, 600px\" \/><\/figure>\n\n\n\n<p class=\"has-text-align-center has-secondary-color has-text-color has-link-color wp-elements-c59969733db167ef60a9be96f632b205\" style=\"padding-top:var(--wp--preset--spacing--small);padding-right:0;padding-left:0;font-size:clamp(28.836px, 1.802rem + ((1vw - 3.2px) * 1.873), 50px);\"><strong>Chor\u00e9graphie<\/strong><\/p>\n\n\n\n<p class=\"has-text-align-center has-secondary-color has-text-color has-link-color wp-elements-ad8266fece9e2fd7fa8139ff904cae6f\" style=\"padding-right:0;padding-left:0;font-size:clamp(14px, 0.875rem + ((1vw - 3.2px) * 0.531), 20px);text-decoration:underline\">La beaut\u00e9 sur mes genoux<\/p>\n\n\n\n<p class=\"has-text-align-center has-secondary-color has-text-color has-link-color wp-elements-a427dfec5cf5984cdbb8a91e172d8a2d\" style=\"padding-right:0;padding-left:0;font-size:clamp(14px, 0.875rem + ((1vw - 3.2px) * 0.354), 18px);line-height:0\">Avec Pascal Krupka<\/p>\n\n\n\n<figure class=\"wp-block-image aligncenter size-large is-resized\"><img loading=\"lazy\" decoding=\"async\" width=\"1448\" height=\"2048\" src=\"https:\/\/moonattica.fr\/wp-content\/uploads\/2026\/02\/Flyer-Rimbaud-Le-Mans-FB-LongA5-1448x2048.jpg\" alt=\"\" class=\"wp-image-719\" style=\"width:500px\" srcset=\"https:\/\/moonattica.fr\/wp-content\/uploads\/2026\/02\/Flyer-Rimbaud-Le-Mans-FB-LongA5-1448x2048.jpg 1448w, https:\/\/moonattica.fr\/wp-content\/uploads\/2026\/02\/Flyer-Rimbaud-Le-Mans-FB-LongA5-424x600.jpg 424w, https:\/\/moonattica.fr\/wp-content\/uploads\/2026\/02\/Flyer-Rimbaud-Le-Mans-FB-LongA5-106x150.jpg 106w, https:\/\/moonattica.fr\/wp-content\/uploads\/2026\/02\/Flyer-Rimbaud-Le-Mans-FB-LongA5-2000x2829.jpg 2000w, https:\/\/moonattica.fr\/wp-content\/uploads\/2026\/02\/Flyer-Rimbaud-Le-Mans-FB-LongA5-scaled.jpg 1810w\" sizes=\"auto, (max-width: 1448px) 100vw, 1448px\" \/><\/figure>\n","protected":false},"excerpt":{"rendered":"<p>Danse Days of glass R\u00e9sidence de cr\u00e9ation avec Tina Besnard Sortie de toboggan 1 Avec Pascal Krupka, Lise N., Camille Rasera&#8230; Chor\u00e9graphie La beaut\u00e9 sur mes genoux Avec Pascal Krupka<\/p>\n","protected":false},"author":1,"featured_media":0,"parent":0,"menu_order":0,"comment_status":"closed","ping_status":"closed","template":"","meta":{"inspiro_hide_title":false,"footnotes":""},"class_list":["post-574","page","type-page","status-publish","hentry"],"featured_media_urls":[],"_links":{"self":[{"href":"https:\/\/moonattica.fr\/index.php?rest_route=\/wp\/v2\/pages\/574","targetHints":{"allow":["GET"]}}],"collection":[{"href":"https:\/\/moonattica.fr\/index.php?rest_route=\/wp\/v2\/pages"}],"about":[{"href":"https:\/\/moonattica.fr\/index.php?rest_route=\/wp\/v2\/types\/page"}],"author":[{"embeddable":true,"href":"https:\/\/moonattica.fr\/index.php?rest_route=\/wp\/v2\/users\/1"}],"replies":[{"embeddable":true,"href":"https:\/\/moonattica.fr\/index.php?rest_route=%2Fwp%2Fv2%2Fcomments&post=574"}],"version-history":[{"count":32,"href":"https:\/\/moonattica.fr\/index.php?rest_route=\/wp\/v2\/pages\/574\/revisions"}],"predecessor-version":[{"id":774,"href":"https:\/\/moonattica.fr\/index.php?rest_route=\/wp\/v2\/pages\/574\/revisions\/774"}],"wp:attachment":[{"href":"https:\/\/moonattica.fr\/index.php?rest_route=%2Fwp%2Fv2%2Fmedia&parent=574"}],"curies":[{"name":"wp","href":"https:\/\/api.w.org\/{rel}","templated":true}]}}